{"id":8836,"date":"2023-04-26T06:19:11","date_gmt":"2023-04-26T11:19:11","guid":{"rendered":"https:\/\/drbernier.com\/promotions\/"},"modified":"2026-03-15T05:55:21","modified_gmt":"2026-03-15T10:55:21","slug":"news","status":"publish","type":"page","link":"https:\/\/www.drbernier.com\/en\/news\/","title":{"rendered":"Promotions"},"content":{"rendered":"\t\t<div data-elementor-type=\"wp-post\" data-elementor-id=\"8836\" class=\"elementor elementor-8836 elementor-8008\">\n\t\t\t\t\t\t<section class=\"elementor-section elementor-top-section elementor-element elementor-element-d262f0f elementor-section-height-min-height elementor-section-content-middle elementor-section-boxed elementor-section-height-default elementor-section-items-middle\" data-id=\"d262f0f\" data-element_type=\"section\" data-e-type=\"section\" data-settings=\"{&quot;jet_parallax_layout_list&quot;:[{&quot;jet_parallax_layout_image&quot;:{&quot;url&quot;:&quot;&quot;,&quot;id&quot;:&quot;&quot;,&quot;size&quot;:&quot;&quot;},&quot;_id&quot;:&quot;d80970f&quot;,&quot;jet_parallax_layout_speed&quot;:{&quot;unit&quot;:&quot;%&quot;,&quot;size&quot;:&quot;50&quot;,&quot;sizes&quot;:[]},&quot;jet_parallax_layout_bg_x&quot;:&quot;50&quot;,&quot;jet_parallax_layout_bg_y&quot;:&quot;50&quot;,&quot;jet_parallax_layout_image_tablet&quot;:{&quot;url&quot;:&quot;&quot;,&quot;id&quot;:&quot;&quot;,&quot;size&quot;:&quot;&quot;},&quot;jet_parallax_layout_image_mobile&quot;:{&quot;url&quot;:&quot;&quot;,&quot;id&quot;:&quot;&quot;,&quot;size&quot;:&quot;&quot;},&quot;jet_parallax_layout_type&quot;:&quot;scroll&quot;,&quot;jet_parallax_layout_direction&quot;:&quot;1&quot;,&quot;jet_parallax_layout_fx_direction&quot;:null,&quot;jet_parallax_layout_z_index&quot;:&quot;&quot;,&quot;jet_parallax_layout_bg_x_tablet&quot;:&quot;&quot;,&quot;jet_parallax_layout_bg_x_mobile&quot;:&quot;&quot;,&quot;jet_parallax_layout_bg_y_tablet&quot;:&quot;&quot;,&quot;jet_parallax_layout_bg_y_mobile&quot;:&quot;&quot;,&quot;jet_parallax_layout_bg_size&quot;:&quot;auto&quot;,&quot;jet_parallax_layout_bg_size_tablet&quot;:&quot;&quot;,&quot;jet_parallax_layout_bg_size_mobile&quot;:&quot;&quot;,&quot;jet_parallax_layout_animation_prop&quot;:&quot;transform&quot;,&quot;jet_parallax_layout_on&quot;:[&quot;desktop&quot;,&quot;tablet&quot;]}],&quot;background_background&quot;:&quot;classic&quot;,&quot;background_raven_motion_effects_scrolling&quot;:&quot;yes&quot;,&quot;background_raven_motion_effects_range&quot;:&quot;viewport&quot;,&quot;background_raven_motion_effects_devices&quot;:[&quot;desktop&quot;,&quot;tablet&quot;,&quot;mobile&quot;]}\">\n\t\t\t\t\t\t<div class=\"elementor-container elementor-column-gap-no\">\n\t\t\t\t\t<div class=\"elementor-column elementor-col-100 elementor-top-column elementor-element elementor-element-fc68e46\" data-id=\"fc68e46\" data-element_type=\"column\" data-e-type=\"column\">\n\t\t\t<div class=\"elementor-widget-wrap elementor-element-populated\">\n\t\t\t\t\t\t<section class=\"elementor-section elementor-inner-section elementor-element elementor-element-1b5152b elementor-section-boxed elementor-section-height-default elementor-section-height-default\" data-id=\"1b5152b\" data-element_type=\"section\" data-e-type=\"section\" data-settings=\"{&quot;jet_parallax_layout_list&quot;:[]}\">\n\t\t\t\t\t\t<div class=\"elementor-container elementor-column-gap-default\">\n\t\t\t\t\t<div class=\"elementor-column elementor-col-100 elementor-inner-column elementor-element elementor-element-e491320\" data-id=\"e491320\" data-element_type=\"column\" data-e-type=\"column\">\n\t\t\t<div class=\"elementor-widget-wrap elementor-element-populated\">\n\t\t\t\t\t\t<div class=\"elementor-element elementor-element-40ae747 elementor-align-left elementor-widget elementor-widget-raven-heading\" data-id=\"40ae747\" data-element_type=\"widget\" data-e-type=\"widget\" data-settings=\"{&quot;_animation&quot;:&quot;none&quot;}\" data-widget_type=\"raven-heading.default\">\n\t\t\t\t<div class=\"elementor-widget-container\">\n\t\t\t\t\t\t\t<div class=\"raven-widget-wrapper\"><h1 class=\"raven-heading raven-heading-h1\"><span class=\"raven-heading-title \">News and promotions<\/span><\/h1><\/div>\n\t\t\t\t\t\t<\/div>\n\t\t\t\t<\/div>\n\t\t\t\t<div class=\"elementor-element elementor-element-3571ffb elementor-align-left elementor-invisible elementor-widget elementor-widget-raven-heading\" data-id=\"3571ffb\" data-element_type=\"widget\" data-e-type=\"widget\" data-settings=\"{&quot;_animation&quot;:&quot;fadeInUp&quot;}\" data-widget_type=\"raven-heading.default\">\n\t\t\t\t<div class=\"elementor-widget-container\">\n\t\t\t\t\t\t\t<div class=\"raven-widget-wrapper\"><h2 class=\"raven-heading raven-heading-h2\"><span class=\"raven-heading-title \">Promotions reserved for adults<\/span><\/h2><\/div>\n\t\t\t\t\t\t<\/div>\n\t\t\t\t<\/div>\n\t\t\t\t\t<\/div>\n\t\t<\/div>\n\t\t\t\t\t<\/div>\n\t\t<\/section>\n\t\t\t\t<div class=\"elementor-element elementor-element-bd11b36 elementor-widget elementor-widget-html\" data-id=\"bd11b36\" data-element_type=\"widget\" data-e-type=\"widget\" data-widget_type=\"html.default\">\n\t\t\t\t<div class=\"elementor-widget-container\">\n\t\t\t\t\t<script type=\"application\/ld+json\">\n{\n  \"@context\": \"https:\/\/schema.org\",\n  \"@type\": \"CollectionPage\",\n  \"@id\": \"https:\/\/www.drbernier.com\/en\/news\/#webpage\",\n  \"name\": \"Promotions on cosmetic medicine treatments\",\n  \"url\": \"https:\/\/www.drbernier.com\/en\/news\/\",\n  \"description\": \"Discover the current promotions on certain aesthetic medicine treatments offered at Dr. Mario F. Bernier's clinic in Laval.\",\n  \"about\": {\n    \"@id\": \"https:\/\/www.drbernier.com\/clinique\/#organization\"\n  }\n}\n<\/script>\t\t\t\t<\/div>\n\t\t\t\t<\/div>\n\t\t\t\t\t<\/div>\n\t\t<\/div>\n\t\t\t\t\t<\/div>\n\t\t<\/section>\n\t\t\t\t<section class=\"elementor-section elementor-top-section elementor-element elementor-element-26f9d8e elementor-section-boxed elementor-section-height-default elementor-section-height-default elementor-invisible\" data-id=\"26f9d8e\" data-element_type=\"section\" data-e-type=\"section\" data-settings=\"{&quot;jet_parallax_layout_list&quot;:[{&quot;jet_parallax_layout_image&quot;:{&quot;url&quot;:&quot;&quot;,&quot;id&quot;:&quot;&quot;,&quot;size&quot;:&quot;&quot;},&quot;_id&quot;:&quot;af7476c&quot;,&quot;jet_parallax_layout_speed&quot;:{&quot;unit&quot;:&quot;%&quot;,&quot;size&quot;:&quot;50&quot;,&quot;sizes&quot;:[]},&quot;jet_parallax_layout_bg_x&quot;:&quot;50&quot;,&quot;jet_parallax_layout_bg_y&quot;:&quot;50&quot;,&quot;jet_parallax_layout_image_tablet&quot;:{&quot;url&quot;:&quot;&quot;,&quot;id&quot;:&quot;&quot;,&quot;size&quot;:&quot;&quot;},&quot;jet_parallax_layout_image_mobile&quot;:{&quot;url&quot;:&quot;&quot;,&quot;id&quot;:&quot;&quot;,&quot;size&quot;:&quot;&quot;},&quot;jet_parallax_layout_type&quot;:&quot;scroll&quot;,&quot;jet_parallax_layout_direction&quot;:&quot;1&quot;,&quot;jet_parallax_layout_fx_direction&quot;:null,&quot;jet_parallax_layout_z_index&quot;:&quot;&quot;,&quot;jet_parallax_layout_bg_x_tablet&quot;:&quot;&quot;,&quot;jet_parallax_layout_bg_x_mobile&quot;:&quot;&quot;,&quot;jet_parallax_layout_bg_y_tablet&quot;:&quot;&quot;,&quot;jet_parallax_layout_bg_y_mobile&quot;:&quot;&quot;,&quot;jet_parallax_layout_bg_size&quot;:&quot;auto&quot;,&quot;jet_parallax_layout_bg_size_tablet&quot;:&quot;&quot;,&quot;jet_parallax_layout_bg_size_mobile&quot;:&quot;&quot;,&quot;jet_parallax_layout_animation_prop&quot;:&quot;transform&quot;,&quot;jet_parallax_layout_on&quot;:[&quot;desktop&quot;,&quot;tablet&quot;]}],&quot;animation&quot;:&quot;slideInUp&quot;}\">\n\t\t\t\t\t\t<div class=\"elementor-container elementor-column-gap-no\">\n\t\t\t\t\t<div class=\"elementor-column elementor-col-100 elementor-top-column elementor-element elementor-element-b9b084e\" data-id=\"b9b084e\" data-element_type=\"column\" data-e-type=\"column\">\n\t\t\t<div class=\"elementor-widget-wrap elementor-element-populated\">\n\t\t\t\t\t\t<div class=\"elementor-element elementor-element-536fc00 elementor-align-center elementor-widget elementor-widget-raven-button\" data-id=\"536fc00\" data-element_type=\"widget\" data-e-type=\"widget\" data-settings=\"{&quot;turn_to_popup_action_button&quot;:&quot;no&quot;}\" data-widget_type=\"raven-button.default\">\n\t\t\t\t<div class=\"elementor-widget-container\">\n\t\t\t\t\t\t\t<div class=\"raven-widget-wrapper\">\n\t\t\t<a class=\"raven-button raven-button-widget-normal-effect-none  raven-button-text-align-center raven-button-link elementor-animation-none\" href=\"\/en\/contact-us\/\">\t\t\t\t<div class=\"raven-button-overlay\" ><\/div>\n\t\t\t\t<span class=\"raven-button-content\">\n\t\t\t\t\t\n\t\t\t\t\t<div class=\"button-text-container\">\n\t\t\t\t\t\t\t\t\t\t\t\t<div class=\"raven-button-texts-wrapper\">\n\t\t\t\t\t\t\t<div class=\"button-text\">\n\t\t\t\t\t\t\t\t<span class=\"raven-button-text\">\n\t\t\t\t\t\t\t\t\tInformation request\t\t\t\t\t\t\t\t<\/span>\n\t\t\t\t\t\t\t<\/div>\n\t\t\t\t\t\t\t\t\t\t\t\t\t<\/div>\n\t\t\t\t\t\t\t\t\t\t\t<\/div>\n\t\t\t\t\t\n\t\t\t\t\t\t\t\t\t<\/span>\n\t\t\t<\/a>\t\t<\/div>\n\t\t\t\t\t\t<\/div>\n\t\t\t\t<\/div>\n\t\t\t\t\t<\/div>\n\t\t<\/div>\n\t\t\t\t\t<\/div>\n\t\t<\/section>\n\t\t\t\t<section class=\"elementor-section elementor-top-section elementor-element elementor-element-8b5ab0e elementor-section-content-middle elementor-section-boxed elementor-section-height-default elementor-section-height-default\" data-id=\"8b5ab0e\" data-element_type=\"section\" data-e-type=\"section\" data-settings=\"{&quot;jet_parallax_layout_list&quot;:[{&quot;jet_parallax_layout_image&quot;:{&quot;url&quot;:&quot;&quot;,&quot;id&quot;:&quot;&quot;,&quot;size&quot;:&quot;&quot;},&quot;_id&quot;:&quot;a83921c&quot;,&quot;jet_parallax_layout_speed&quot;:{&quot;unit&quot;:&quot;%&quot;,&quot;size&quot;:&quot;50&quot;,&quot;sizes&quot;:[]},&quot;jet_parallax_layout_bg_x&quot;:&quot;50&quot;,&quot;jet_parallax_layout_bg_y&quot;:&quot;50&quot;,&quot;jet_parallax_layout_image_tablet&quot;:{&quot;url&quot;:&quot;&quot;,&quot;id&quot;:&quot;&quot;,&quot;size&quot;:&quot;&quot;},&quot;jet_parallax_layout_image_mobile&quot;:{&quot;url&quot;:&quot;&quot;,&quot;id&quot;:&quot;&quot;,&quot;size&quot;:&quot;&quot;},&quot;jet_parallax_layout_type&quot;:&quot;scroll&quot;,&quot;jet_parallax_layout_direction&quot;:&quot;1&quot;,&quot;jet_parallax_layout_fx_direction&quot;:null,&quot;jet_parallax_layout_z_index&quot;:&quot;&quot;,&quot;jet_parallax_layout_bg_x_tablet&quot;:&quot;&quot;,&quot;jet_parallax_layout_bg_x_mobile&quot;:&quot;&quot;,&quot;jet_parallax_layout_bg_y_tablet&quot;:&quot;&quot;,&quot;jet_parallax_layout_bg_y_mobile&quot;:&quot;&quot;,&quot;jet_parallax_layout_bg_size&quot;:&quot;auto&quot;,&quot;jet_parallax_layout_bg_size_tablet&quot;:&quot;&quot;,&quot;jet_parallax_layout_bg_size_mobile&quot;:&quot;&quot;,&quot;jet_parallax_layout_animation_prop&quot;:&quot;transform&quot;,&quot;jet_parallax_layout_on&quot;:[&quot;desktop&quot;,&quot;tablet&quot;]}]}\">\n\t\t\t\t\t\t<div class=\"elementor-container elementor-column-gap-default\">\n\t\t\t\t\t<div class=\"elementor-column elementor-col-100 elementor-top-column elementor-element elementor-element-0a5cf8b elementor-invisible\" data-id=\"0a5cf8b\" data-element_type=\"column\" data-e-type=\"column\" data-settings=\"{&quot;animation&quot;:&quot;fadeInDown&quot;}\">\n\t\t\t<div class=\"elementor-widget-wrap elementor-element-populated\">\n\t\t\t\t\t\t<div class=\"elementor-element elementor-element-4a90af8 elementor-widget elementor-widget-raven-posts\" data-id=\"4a90af8\" data-element_type=\"widget\" data-e-type=\"widget\" data-settings=\"{&quot;classic_columns&quot;:&quot;2&quot;,&quot;query_posts_per_page&quot;:10,&quot;classic_show_pagination&quot;:&quot;yes&quot;,&quot;_skin&quot;:&quot;classic&quot;,&quot;classic_layout&quot;:&quot;grid&quot;,&quot;classic_columns_tablet&quot;:&quot;2&quot;,&quot;classic_columns_mobile&quot;:&quot;1&quot;,&quot;classic_pagination_type&quot;:&quot;page_based&quot;,&quot;query_offset&quot;:0}\" data-widget_type=\"raven-posts.classic\">\n\t\t\t\t<div class=\"elementor-widget-container\">\n\t\t\t\t\t\t\t<div class=\"raven-posts raven-grid raven-grid-2 raven-grid-mobile-1 raven-grid-tablet-2\" data-post-id=\"8836\" data-archive-query=\"\" data-lang=\"\">\n\t\t\t\t<div class=\"raven-grid-item raven-post-item post-10215 post type-post status-publish format-standard has-post-thumbnail hentry category-news-cat\">\n\t\t\t<div class=\"raven-post\">\n\t\t\t\t\t\t<div class=\"raven-post-image-wrap\">\n\t\t\t<a class=\"raven-post-image raven-image-fit\" href=\"https:\/\/www.drbernier.com\/en\/250-de-rabais-forfait-venus-legacy\/\"><img fetchpriority=\"high\" decoding=\"async\" width=\"1024\" height=\"683\" src=\"https:\/\/www.drbernier.com\/wp-content\/uploads\/photo-1509392949348-24e77e5e902d-1024x683.avif\" class=\"attachment-large size-large wp-image-12422\" alt=\"\" srcset=\"https:\/\/www.drbernier.com\/wp-content\/uploads\/photo-1509392949348-24e77e5e902d-1024x683.avif 1024w, https:\/\/www.drbernier.com\/wp-content\/uploads\/photo-1509392949348-24e77e5e902d-300x200.avif 300w, https:\/\/www.drbernier.com\/wp-content\/uploads\/photo-1509392949348-24e77e5e902d-768x512.avif 768w, https:\/\/www.drbernier.com\/wp-content\/uploads\/photo-1509392949348-24e77e5e902d.avif 1170w\" sizes=\"(max-width: 1024px) 100vw, 1024px\" \/> <span class=\"raven-post-image-overlay\"><\/span><\/a>\t\t<\/div>\n\t\t\t\t\t\t<div class=\"raven-post-content\">\n\t\t\t\t\t<h3 class=\"raven-post-title\"><a class=\"raven-post-title-link\" href=\"https:\/\/www.drbernier.com\/en\/250-de-rabais-forfait-venus-legacy\/\">Hydrafacial Treatment Special Offer*<\/a><\/h3>\t\t<div class=\"raven-post-meta\"><a class=\"raven-post-meta-item raven-post-date\" href=\"https:\/\/www.drbernier.com\/en\/2026\/05\/\" rel=\"bookmark\">4 May 2026<\/a><\/div>\n\t\t<div class=\"raven-post-excerpt\">Buy two Hydrafacial treatments of your choice and get a third one of equal value completely free.The perfect Mother\u2019s Day gift!Cannot be combined with any other promotion.Offer ends May 31,<\/div>\t\t<div class=\"raven-post-read-more\">\n\t\t\t<a class=\"raven-post-button\" href=\"https:\/\/www.drbernier.com\/en\/250-de-rabais-forfait-venus-legacy\/\"><span class=\"raven-post-button-text\">VIew details<\/span><\/a>\n\t\t<\/div>\n\t\t\t\t\t\t<\/div>\n\t\t\t<\/div>\n\t\t<\/div>\n\t\t\t\t<div class=\"raven-grid-item raven-post-item post-10325 post type-post status-publish format-standard has-post-thumbnail hentry category-news-cat\">\n\t\t\t<div class=\"raven-post\">\n\t\t\t\t\t\t<div class=\"raven-post-image-wrap\">\n\t\t\t<a class=\"raven-post-image raven-image-fit\" href=\"https:\/\/www.drbernier.com\/en\/cadeau-avec-traitement-laser-co2\/\"><img decoding=\"async\" width=\"866\" height=\"1024\" src=\"https:\/\/www.drbernier.com\/wp-content\/uploads\/apostolos-vamvouras-xnD5whKjQd8-unsplash-866x1024.jpg\" class=\"attachment-large size-large wp-image-12416\" alt=\"\" srcset=\"https:\/\/www.drbernier.com\/wp-content\/uploads\/apostolos-vamvouras-xnD5whKjQd8-unsplash-866x1024.jpg 866w, https:\/\/www.drbernier.com\/wp-content\/uploads\/apostolos-vamvouras-xnD5whKjQd8-unsplash-254x300.jpg 254w, https:\/\/www.drbernier.com\/wp-content\/uploads\/apostolos-vamvouras-xnD5whKjQd8-unsplash-768x909.jpg 768w, https:\/\/www.drbernier.com\/wp-content\/uploads\/apostolos-vamvouras-xnD5whKjQd8-unsplash-1298x1536.jpg 1298w, https:\/\/www.drbernier.com\/wp-content\/uploads\/apostolos-vamvouras-xnD5whKjQd8-unsplash-1731x2048.jpg 1731w\" sizes=\"(max-width: 866px) 100vw, 866px\" \/> <span class=\"raven-post-image-overlay\"><\/span><\/a>\t\t<\/div>\n\t\t\t\t\t\t<div class=\"raven-post-content\">\n\t\t\t\t\t<h3 class=\"raven-post-title\"><a class=\"raven-post-title-link\" href=\"https:\/\/www.drbernier.com\/en\/cadeau-avec-traitement-laser-co2\/\">Cellulite Treatments: 2 Areas for the Price of One<\/a><\/h3>\t\t<div class=\"raven-post-meta\"><a class=\"raven-post-meta-item raven-post-date\" href=\"https:\/\/www.drbernier.com\/en\/2026\/05\/\" rel=\"bookmark\">4 May 2026<\/a><\/div>\n\t\t<div class=\"raven-post-excerpt\">When you purchase a package of 10 multi-polar radiofrequency sessions before May 31, 2026, treat 2 areas for the price of one.(Value of $1,000)This treatment is painless and requires no<\/div>\t\t<div class=\"raven-post-read-more\">\n\t\t\t<a class=\"raven-post-button\" href=\"https:\/\/www.drbernier.com\/en\/cadeau-avec-traitement-laser-co2\/\"><span class=\"raven-post-button-text\">VIew details<\/span><\/a>\n\t\t<\/div>\n\t\t\t\t\t\t<\/div>\n\t\t\t<\/div>\n\t\t<\/div>\n\t\t\t\t<\/div>\n\t\t\t\t\t\t<\/div>\n\t\t\t\t<\/div>\n\t\t\t\t\t<\/div>\n\t\t<\/div>\n\t\t\t\t\t<\/div>\n\t\t<\/section>\n\t\t\t\t<\/div>\n\t\t","protected":false},"excerpt":{"rendered":"<p>News and promotions Promotions reserved for adults Information request Traitez le cou sans frais additionnel mars 2, 2026 Recevez un traitement de radiofr\u00e9quence nano fractionnelle et nous ajouterons le cou sans frais suppl\u00e9mentaire. Venus Viva 400$ ou lieu de 550$ Profitez de cette opportunit\u00e9 jusqu\u2019au 31 mars 2026 VIew details Besoin d\u2019un boost d\u2019hydratation? mars [&hellip;]<\/p>\n","protected":false},"author":2,"featured_media":0,"parent":0,"menu_order":0,"comment_status":"closed","ping_status":"closed","template":"elementor_header_footer","meta":{"_acf_changed":false,"footnotes":""},"class_list":["post-8836","page","type-page","status-publish","hentry"],"acf":[],"yoast_head":"<!-- This site is optimized with the Yoast SEO plugin v27.6 - https:\/\/yoast.com\/product\/yoast-seo-wordpress\/ -->\n<title>News and Promotions | Plastic Surgery Clinic Dr. Bernier<\/title>\n<meta name=\"description\" content=\"Discover the new services offered at Dr Mario F. Bernier&#039;s clinic and take advantage of advantageous promotions.\" \/>\n<meta name=\"robots\" content=\"index, follow, max-snippet:-1, max-image-preview:large, max-video-preview:-1\" \/>\n<link rel=\"canonical\" href=\"https:\/\/www.drbernier.com\/en\/news\/\" \/>\n<meta property=\"og:locale\" content=\"en_US\" \/>\n<meta property=\"og:type\" content=\"article\" \/>\n<meta property=\"og:title\" content=\"News and Promotions | Plastic Surgery Clinic Dr. Bernier\" \/>\n<meta property=\"og:description\" content=\"Discover the new services offered at Dr Mario F. Bernier&#039;s clinic and take advantage of advantageous promotions.\" \/>\n<meta property=\"og:url\" content=\"https:\/\/www.drbernier.com\/en\/news\/\" \/>\n<meta property=\"og:site_name\" content=\"Clinique de chirurgie et m\u00e9decine esth\u00e9tique Dr Mario F. Bernier\" \/>\n<meta property=\"article:modified_time\" content=\"2026-03-15T10:55:21+00:00\" \/>\n<meta property=\"og:image\" content=\"https:\/\/www.drbernier.com\/wp-content\/uploads\/alexander-krivitskiy-hiTMCvJlpMM-unsplash-817x1024.jpg\" \/>\n<meta name=\"twitter:card\" content=\"summary_large_image\" \/>\n<meta name=\"twitter:label1\" content=\"Est. reading time\" \/>\n\t<meta name=\"twitter:data1\" content=\"1 minute\" \/>\n<script type=\"application\/ld+json\" class=\"yoast-schema-graph\">{\"@context\":\"https:\\\/\\\/schema.org\",\"@graph\":[{\"@type\":\"WebPage\",\"@id\":\"https:\\\/\\\/www.drbernier.com\\\/en\\\/news\\\/\",\"url\":\"https:\\\/\\\/www.drbernier.com\\\/en\\\/news\\\/\",\"name\":\"News and Promotions | Plastic Surgery Clinic Dr. Bernier\",\"isPartOf\":{\"@id\":\"https:\\\/\\\/www.drbernier.com\\\/en\\\/#website\"},\"primaryImageOfPage\":{\"@id\":\"https:\\\/\\\/www.drbernier.com\\\/en\\\/news\\\/#primaryimage\"},\"image\":{\"@id\":\"https:\\\/\\\/www.drbernier.com\\\/en\\\/news\\\/#primaryimage\"},\"thumbnailUrl\":\"https:\\\/\\\/www.drbernier.com\\\/wp-content\\\/uploads\\\/alexander-krivitskiy-hiTMCvJlpMM-unsplash-817x1024.jpg\",\"datePublished\":\"2023-04-26T11:19:11+00:00\",\"dateModified\":\"2026-03-15T10:55:21+00:00\",\"description\":\"Discover the new services offered at Dr Mario F. Bernier's clinic and take advantage of advantageous promotions.\",\"breadcrumb\":{\"@id\":\"https:\\\/\\\/www.drbernier.com\\\/en\\\/news\\\/#breadcrumb\"},\"inLanguage\":\"en-CA\",\"potentialAction\":[{\"@type\":\"ReadAction\",\"target\":[\"https:\\\/\\\/www.drbernier.com\\\/en\\\/news\\\/\"]}]},{\"@type\":\"ImageObject\",\"inLanguage\":\"en-CA\",\"@id\":\"https:\\\/\\\/www.drbernier.com\\\/en\\\/news\\\/#primaryimage\",\"url\":\"https:\\\/\\\/www.drbernier.com\\\/wp-content\\\/uploads\\\/alexander-krivitskiy-hiTMCvJlpMM-unsplash-817x1024.jpg\",\"contentUrl\":\"https:\\\/\\\/www.drbernier.com\\\/wp-content\\\/uploads\\\/alexander-krivitskiy-hiTMCvJlpMM-unsplash-817x1024.jpg\"},{\"@type\":\"BreadcrumbList\",\"@id\":\"https:\\\/\\\/www.drbernier.com\\\/en\\\/news\\\/#breadcrumb\",\"itemListElement\":[{\"@type\":\"ListItem\",\"position\":1,\"name\":\"Accueil\",\"item\":\"https:\\\/\\\/www.drbernier.com\\\/en\\\/\"},{\"@type\":\"ListItem\",\"position\":2,\"name\":\"Promotions\"}]},{\"@type\":\"WebSite\",\"@id\":\"https:\\\/\\\/www.drbernier.com\\\/en\\\/#website\",\"url\":\"https:\\\/\\\/www.drbernier.com\\\/en\\\/\",\"name\":\"Clinique de chirurgie et m\u00e9decine esth\u00e9tique Dr Mario F. Bernier\",\"description\":\"\",\"potentialAction\":[{\"@type\":\"SearchAction\",\"target\":{\"@type\":\"EntryPoint\",\"urlTemplate\":\"https:\\\/\\\/www.drbernier.com\\\/en\\\/?s={search_term_string}\"},\"query-input\":{\"@type\":\"PropertyValueSpecification\",\"valueRequired\":true,\"valueName\":\"search_term_string\"}}],\"inLanguage\":\"en-CA\"}]}<\/script>\n<!-- \/ Yoast SEO plugin. -->","yoast_head_json":{"title":"News and Promotions | Plastic Surgery Clinic Dr. Bernier","description":"Discover the new services offered at Dr Mario F. Bernier's clinic and take advantage of advantageous promotions.","robots":{"index":"index","follow":"follow","max-snippet":"max-snippet:-1","max-image-preview":"max-image-preview:large","max-video-preview":"max-video-preview:-1"},"canonical":"https:\/\/www.drbernier.com\/en\/news\/","og_locale":"en_US","og_type":"article","og_title":"News and Promotions | Plastic Surgery Clinic Dr. Bernier","og_description":"Discover the new services offered at Dr Mario F. Bernier's clinic and take advantage of advantageous promotions.","og_url":"https:\/\/www.drbernier.com\/en\/news\/","og_site_name":"Clinique de chirurgie et m\u00e9decine esth\u00e9tique Dr Mario F. Bernier","article_modified_time":"2026-03-15T10:55:21+00:00","og_image":[{"url":"https:\/\/www.drbernier.com\/wp-content\/uploads\/alexander-krivitskiy-hiTMCvJlpMM-unsplash-817x1024.jpg","type":"","width":"","height":""}],"twitter_card":"summary_large_image","twitter_misc":{"Est. reading time":"1 minute"},"schema":{"@context":"https:\/\/schema.org","@graph":[{"@type":"WebPage","@id":"https:\/\/www.drbernier.com\/en\/news\/","url":"https:\/\/www.drbernier.com\/en\/news\/","name":"News and Promotions | Plastic Surgery Clinic Dr. Bernier","isPartOf":{"@id":"https:\/\/www.drbernier.com\/en\/#website"},"primaryImageOfPage":{"@id":"https:\/\/www.drbernier.com\/en\/news\/#primaryimage"},"image":{"@id":"https:\/\/www.drbernier.com\/en\/news\/#primaryimage"},"thumbnailUrl":"https:\/\/www.drbernier.com\/wp-content\/uploads\/alexander-krivitskiy-hiTMCvJlpMM-unsplash-817x1024.jpg","datePublished":"2023-04-26T11:19:11+00:00","dateModified":"2026-03-15T10:55:21+00:00","description":"Discover the new services offered at Dr Mario F. Bernier's clinic and take advantage of advantageous promotions.","breadcrumb":{"@id":"https:\/\/www.drbernier.com\/en\/news\/#breadcrumb"},"inLanguage":"en-CA","potentialAction":[{"@type":"ReadAction","target":["https:\/\/www.drbernier.com\/en\/news\/"]}]},{"@type":"ImageObject","inLanguage":"en-CA","@id":"https:\/\/www.drbernier.com\/en\/news\/#primaryimage","url":"https:\/\/www.drbernier.com\/wp-content\/uploads\/alexander-krivitskiy-hiTMCvJlpMM-unsplash-817x1024.jpg","contentUrl":"https:\/\/www.drbernier.com\/wp-content\/uploads\/alexander-krivitskiy-hiTMCvJlpMM-unsplash-817x1024.jpg"},{"@type":"BreadcrumbList","@id":"https:\/\/www.drbernier.com\/en\/news\/#breadcrumb","itemListElement":[{"@type":"ListItem","position":1,"name":"Accueil","item":"https:\/\/www.drbernier.com\/en\/"},{"@type":"ListItem","position":2,"name":"Promotions"}]},{"@type":"WebSite","@id":"https:\/\/www.drbernier.com\/en\/#website","url":"https:\/\/www.drbernier.com\/en\/","name":"Clinique de chirurgie et m\u00e9decine esth\u00e9tique Dr Mario F. Bernier","description":"","potentialAction":[{"@type":"SearchAction","target":{"@type":"EntryPoint","urlTemplate":"https:\/\/www.drbernier.com\/en\/?s={search_term_string}"},"query-input":{"@type":"PropertyValueSpecification","valueRequired":true,"valueName":"search_term_string"}}],"inLanguage":"en-CA"}]}},"_links":{"self":[{"href":"https:\/\/www.drbernier.com\/en\/wp-json\/wp\/v2\/pages\/8836","targetHints":{"allow":["GET"]}}],"collection":[{"href":"https:\/\/www.drbernier.com\/en\/wp-json\/wp\/v2\/pages"}],"about":[{"href":"https:\/\/www.drbernier.com\/en\/wp-json\/wp\/v2\/types\/page"}],"author":[{"embeddable":true,"href":"https:\/\/www.drbernier.com\/en\/wp-json\/wp\/v2\/users\/2"}],"replies":[{"embeddable":true,"href":"https:\/\/www.drbernier.com\/en\/wp-json\/wp\/v2\/comments?post=8836"}],"version-history":[{"count":10,"href":"https:\/\/www.drbernier.com\/en\/wp-json\/wp\/v2\/pages\/8836\/revisions"}],"predecessor-version":[{"id":12330,"href":"https:\/\/www.drbernier.com\/en\/wp-json\/wp\/v2\/pages\/8836\/revisions\/12330"}],"wp:attachment":[{"href":"https:\/\/www.drbernier.com\/en\/wp-json\/wp\/v2\/media?parent=8836"}],"curies":[{"name":"wp","href":"https:\/\/api.w.org\/{rel}","templated":true}]}}